{"id":2,"date":"2026-03-29T16:00:14","date_gmt":"2026-03-29T16:00:14","guid":{"rendered":"https:\/\/evieandmichal.co.uk\/?page_id=2"},"modified":"2026-03-31T22:15:21","modified_gmt":"2026-03-31T22:15:21","slug":"sample-page","status":"publish","type":"page","link":"https:\/\/evieandmichal.co.uk\/pl\/","title":{"rendered":""},"content":{"rendered":"<div class=\"wp-block-group alignfull grain-bg has-accent-2-background-color has-background has-global-padding is-layout-constrained wp-block-group-is-layout-constrained\" id=\"rsvp\" style=\"margin-top:-80px;padding-top:var(--wp--preset--spacing--60);padding-bottom:var(--wp--preset--spacing--60)\">\n<div class=\"wp-block-group alignwide has-global-padding is-layout-constrained wp-block-group-is-layout-constrained\"><style>\n    .ff_conv_app_3 { background-color: ; }.ff_conv_app_3 .ffc-counter-div span { color: #FFFFFF; }.ff_conv_app_3 .ffc-counter-div .counter-icon-span svg { fill: #FFFFFF !important; }.ff_conv_app_3 .f-label-wrap, .ff_conv_app_3 .f-answer { color: #FFFFFF !important; }.ff_conv_app_3 .f-label-wrap .f-key { border-color: #FFFFFF !important; }.ff_conv_app_3 .f-label-wrap .f-key-hint { border-color: #FFFFFF !important; }.ff_conv_app_3 .f-answer .f-radios-wrap ul li { background-color: rgba(255,255,255, 0.1) !important; border: 1px solid #FFFFFF; }.ff_conv_app_3 .f-answer .f-radios-wrap ul li:focus { background-color: rgba(255,255,255, 0.3) !important }.ff_conv_app_3 .f-answer .f-radios-wrap ul li:hover { background-color: rgba(255,255,255, 0.3) !important }.ff_conv_app_3 .f-answer .f-radios-wrap ul li.f-selected .f-key { background-color: #FFFFFF !important; color: white; }.ff_conv_app_3 .f-answer .f-radios-wrap ul li.f-selected .f-key-hint { background-color: #FFFFFF; }.ff_conv_app_3 .f-answer .f-radios-wrap ul li.f-selected svg { fill: #FFFFFF !important; }.ff_conv_app_3 .f-answer input, .ff_conv_app_3 .f-answer textarea{ color: #FFFFFF !important; box-shadow: #FFFFFF 0px 1px; }.ff_conv_app_3 .f-answer input:focus, .ff_conv_app_3 .f-answer textarea:focus { box-shadow: #FFFFFF 0px 2px !important; }.ff_conv_app_3 .f-answer textarea::placeholder, .ff_conv_app_3 .f-answer input::placeholder { color: #FFFFFF !important; }.ff_conv_app_3 .text-success { color: #FFFFFF !important; }.ff_conv_app_3 .f-answer .f-matrix-table tbody td { background-color: rgba(255,255,255, 0.1); }.ff_conv_app_3 .f-answer .f-matrix-table input { border-color: rgba(255,255,255, 0.8); }.ff_conv_app_3 .f-answer .f-matrix-table input.f-radio-control:checked::after { background-color: #FFFFFF; }.ff_conv_app_3 .f-answer .f-matrix-table input:focus::before { border-color: #FFFFFF; }.ff_conv_app_3 .f-answer .f-matrix-table input.f-checkbox-control:checked { background-color: #FFFFFF; }.ff_conv_app_3 .f-answer .f-matrix-table tbody tr::after { border-right-color: #FFFFFF; }.ff_conv_app_3 .f-answer .f-matrix-table .f-table-cell.f-row-cell { box-shadow: rgba(255,255,255, 0.1) 0px 0px 0px 100vh inset; }.ff_conv_app_3 .f-answer .ff_file_upload_field_wrap { background-color: rgba(255,255,255, 0.1); border-color: rgba(255,255,255, 0.8); }.ff_conv_app_3 .f-answer .ff_file_upload_field_wrap:hover { background-color: rgba(255,255,255, 0.3);}.ff_conv_app_3 .f-answer .ff_file_upload_field_wrap:focus-within { background-color: rgba(255,255,255, 0.3); }.ff_conv_app_3 .f-answer .ff-upload-preview { border-color: rgba(255,255,255, 0.8); }.ff_conv_app_3 .f-answer .ff-upload-preview .ff-upload-thumb { background-color: rgba(255,255,255, 0.3); }.ff_conv_app_3 .f-answer .ff-upload-preview .ff-upload-details { border-left-color: rgba(255,255,255, 0.8); }.ff_conv_app_3 .f-answer .ff-upload-preview .ff-upload-details .ff-el-progress { border-left-color: rgba(255,255,255, 0.8); }.ff_conv_app_3 .f-answer .ff-upload-preview .ff-upload-details .ff-el-progress { background-color: rgba(255,255,255, 0.1); }.ff_conv_app_3 .f-answer .ff-upload-preview .ff-upload-details .ff-el-progress .ff-el-progress-bar { background-color: #FFFFFF; }.ff_conv_app_3 .f-answer .f-star-wrap .f-star-field-wrap::before { background-color: #FFFFFF; }.ff_conv_app_3 .f-answer .f-star-wrap .f-star-field-wrap .f-star-field .f-star-field-star .symbolOutline { fill: #FFFFFF; }.ff_conv_app_3 .f-answer .f-star-wrap .f-star-field-wrap .f-star-field .f-star-field-rating { color: #FFFFFF; }.ff_conv_app_3 .f-answer .f-star-wrap .f-star-field-wrap.is-hovered .symbolFill { fill: rgba(255,255,255, 0.1); }.ff_conv_app_3 .f-answer .f-star-wrap .f-star-field-wrap.is-selected .symbolFill { fill: #FFFFFF; }.ff_conv_app_3 .f-answer .f-payment-summary-wrap tbody td { background-color: rgba(255,255,255, 0.1); }.ff_conv_app_3 .f-answer .f-payment-summary-wrap tfoot th { background-color: rgba(255,255,255, 0.1); }.ff_conv_app_3 .f-answer .stripe-inline-holder { border-bottom: 1px solid #FFFFFF; }.ff_conv_app_3 .f-answer .StripeElement--focus { border-bottom: 2.5px solid #FFFFFF; }.ff_conv_app_3 .ff_conv_input .f-info { color: #FFFFFF; }.ff_conv_app_3 .f-answer .el-slider__runway {background-color: #FFFFFF;}.ff_conv_app_3 .fh2 .f-text { color: #FFFFFF; }.ff_conv_app_3 .fh2 .f-tagline, .ff_conv_app_3 .f-sub .f-help { color: rgba(255,255,255, 0.70); }.ff_conv_app_3 .fh2 .stripe-inline-header { color: #FFFFFF; }.ff_conv_app_3 .q-inner .o-btn-action, .ff_conv_app_3 .footer-inner-wrap .f-nav { background-color: #D65C99; }.ff_conv_app_3 .q-inner .o-btn-action span, .ff_conv_app_3 .footer-inner-wrap .f-nav a { color: #FFFFFF; } .ff_conv_app_3 .f-enter .f-enter-desc { color: #D65C99; }.ff_conv_app_3 .footer-inner-wrap .f-nav a svg { fill: #FFFFFF; }.ff_conv_app_3 .vff-footer .f-progress-bar { background-color: rgba(214,92,153, 0.3); }.ff_conv_app_3 .vff-footer .f-progress-bar-inner { background-color: #D65C99; }.ff_conv_app_3 .q-inner .o-btn-action:hover { background-color: #D65C99D6; }.ff_conv_app_3 .q-inner .o-btn-action:focus::after { border-radius: 6px; inset: -3px; box-shadow: #D65C99 0px 0px 0px 2px; }.ff_conv_app_3 .f-answer .f-radios-wrap ul li.f-selected .f-key { color: ; }.ff_conv_app_3 .footer-inner-wrap .f-nav a.ffc_power { display: none !important; } .ff-btn-submit { background-color: #1a7efb; color: #ffffff; }.f-enter{\n    color:white !important;\n}<\/style>\n<div class=\"ffc_conv_wrapper ffc_inline_form\">\n    <div class=\"frm-fluent-form ff_conv_app fluent_form_3 ff_conv_app_frame ff_conv_app_3 ffc_media_hide_mob_no\" data-form_id=\"3\">\n        <div data-var_name=\"fluent_forms_global_var_1\" class=\"ffc_conv_form\" style=\"width: 100%\" id=\"ffc_app_instance_1\"><\/div>\n    <\/div>\n<\/div>\n\n<\/div>\n<\/div>\n\n\n\n<div style=\"height:50px\" aria-hidden=\"true\" class=\"wp-block-spacer\"><\/div>\n\n\n\n<h2 class=\"wp-block-heading has-text-align-left is-style-default has-xx-large-font-size\" id=\"timings\" style=\"border-top-left-radius:0px;border-top-right-radius:0px;border-bottom-left-radius:0px;border-bottom-right-radius:0px;padding-top:var(--wp--preset--spacing--30);padding-right:0;padding-bottom:var(--wp--preset--spacing--30);padding-left:0\">Plan Dnia<\/h2>\n\n\n\n<div class=\"wp-block-group is-vertical is-content-justification-stretch is-layout-flex wp-container-core-group-is-layout-4781e296 wp-block-group-is-layout-flex\" style=\"min-height:100%\">\n<h3 class=\"wp-block-heading is-style-text-display has-x-large-font-size is-style-text-display--1\">Ceremonia<\/h3>\n\n\n\n<p class=\"is-style-default has-medium-font-size\" style=\"padding-right:0;padding-left:0;line-height:1.5\"><a href=\"https:\/\/maps.app.goo.gl\/vKgBavDHq9bKgdry8\" data-type=\"link\" data-id=\"https:\/\/maps.app.goo.gl\/vKgBavDHq9bKgdry8\" target=\"_blank\" rel=\"noreferrer noopener\">Becket&#8217;s Chapel, The Halls, St Andrew&#8217;s Plain, Norwich NR3 1AU<\/a><\/p>\n<\/div>\n\n\n\n<blockquote class=\"wp-block-quote has-medium-font-size is-layout-flow wp-block-quote-is-layout-flow\" style=\"padding-top:0;padding-bottom:0;font-style:normal;font-weight:500\">\n<p class=\"has-medium-font-size\">14:30 | Przybycie go\u015bci<\/p>\n\n\n\n<p class=\"has-medium-font-size\">15:00 | Ceremonia za\u015blubin<\/p>\n\n\n\n<p class=\"has-medium-font-size\">15:30 | Szampan i zdj\u0119cia&nbsp;<\/p>\n<\/blockquote>\n\n\n\n<div style=\"height:50px\" aria-hidden=\"true\" class=\"wp-block-spacer\"><\/div>\n\n\n\n<h2 class=\"wp-block-heading is-style-default\">Wesele<\/h2>\n\n\n\n<p class=\"has-medium-font-size\" style=\"border-style:none;border-width:0px;border-top-left-radius:0px;border-top-right-radius:0px;border-bottom-left-radius:0px;border-bottom-right-radius:0px\"><a href=\"https:\/\/maps.app.goo.gl\/mDMy4yvGasZhJVnE6\" target=\"_blank\" rel=\"noreferrer noopener\">Upstairs at The Unthank Arms, 149 Newmarket St, Norwich NR2 2DR<\/a><\/p>\n\n\n\n<blockquote class=\"wp-block-quote has-medium-font-size is-layout-flow wp-block-quote-is-layout-flow\" style=\"padding-top:0;padding-bottom:0;font-style:normal;font-weight:500\">\n<p>17:00 | Powitanie: Aperol Spritz i przek\u0105ski<\/p>\n\n\n\n<p class=\"has-outfit-font-family\" style=\"font-style:normal;font-weight:500\">17:45 | Przem\u00f3wienia, a po nich uroczysty obiad&nbsp;<\/p>\n\n\n\n<p>19:30 | Tort i ta\u0144ce&nbsp;<\/p>\n\n\n\n<p>22:00 | Silent disco<\/p>\n\n\n\n<p>P\u00f3\u0142noc | Czas do domu&nbsp;<\/p>\n<\/blockquote>\n\n\n\n<div style=\"height:100px\" aria-hidden=\"true\" class=\"wp-block-spacer\"><\/div>\n\n\n\n<h2 class=\"wp-block-heading has-text-align-left has-xx-large-font-size\" id=\"more-info\"><strong>Wi\u0119cej info<\/strong><\/h2>\n\n\n\n<div data-wp-context=\"{ &quot;autoclose&quot;: false, &quot;accordionItems&quot;: [] }\" data-wp-interactive=\"core\/accordion\" role=\"group\" class=\"wp-block-accordion is-layout-flow wp-block-accordion-is-layout-flow\">\n<div data-wp-class--is-open=\"state.isOpen\" data-wp-context=\"{ &quot;id&quot;: &quot;accordion-item-2&quot;, &quot;openByDefault&quot;: false }\" data-wp-init=\"callbacks.initAccordionItems\" data-wp-on-window--hashchange=\"callbacks.hashChange\" class=\"wp-block-accordion-item is-layout-flow wp-block-accordion-item-is-layout-flow\">\n<h3 class=\"wp-block-accordion-heading\" style=\"font-style:normal;font-weight:400\"><button aria-expanded=\"false\" aria-controls=\"accordion-item-2-panel\" data-wp-bind--aria-expanded=\"state.isOpen\" data-wp-on--click=\"actions.toggle\" data-wp-on--keydown=\"actions.handleKeyDown\" id=\"accordion-item-2\" type=\"button\" class=\"wp-block-accordion-heading__toggle\"><span class=\"wp-block-accordion-heading__toggle-title\"><strong>Dojazd na Ceremoni\u0119<\/strong><\/span><span class=\"wp-block-accordion-heading__toggle-icon\" aria-hidden=\"true\">+<\/span><\/button><\/h3>\n\n\n\n<div inert aria-labelledby=\"accordion-item-2\" data-wp-bind--inert=\"!state.isOpen\" id=\"accordion-item-2-panel\" role=\"region\" class=\"wp-block-accordion-panel is-layout-flow wp-block-accordion-panel-is-layout-flow\">\n<p class=\"has-medium-font-size\">Do kaplicy Becket's Chapel w The Halls mo\u017cna dotrze\u0107 na kilka sposob\u00f3w.<\/p>\n\n\n\n<p class=\"has-medium-font-size\">Je\u015bli jedziecie samochodem, tu\u017c za rogiem znajduje si\u0119 parking St. Andrews Car Park (NR3 3AT). Jeszcze bli\u017cej jest parking Monastery Court Car Park na Elm Hill (NR3 1HN), kt\u00f3ry ma mniej miejsc, ale znajduje si\u0119 tu\u017c za kaplic\u0105.<\/p>\n\n\n\n<p class=\"has-medium-font-size\">Je\u015bli przyje\u017cd\u017cacie poci\u0105giem, stacja kolejowa w Norwich znajduje si\u0119 12 minut spacerem w d\u00f3\u0142 Prince of Wales Road. Polecamy jednak spacer brzegiem rzeki i ulic\u0105 Ferry Lane \u2013 to znacznie bardziej malownicza trasa do kaplicy.&nbsp;<\/p>\n\n\n\n<p class=\"has-medium-font-size\"><strong>Uwaga: istniej\u0105 dwie kaplice Becket's Chapel. Mapy Google cz\u0119sto kieruj\u0105 do tej w Wymondham. Nasza znajduje si\u0119 w Norwich!<\/strong><\/p>\n\n\n\n<p class=\"has-medium-font-size\"><strong>Prosimy o przybycie do kaplicy o 14:30 wej\u015bciem przez kru\u017cganki (cloister entrance) naprzeciwko pubu Dead Wax.<\/strong><\/p>\n\n\n\n<p class=\"has-medium-font-size\">Po ceremonii zapraszamy na drinki na trawniku przed kaplic\u0105.<\/p>\n\n\n\n<p><\/p>\n<\/div>\n<\/div>\n<\/div>\n\n\n\n<div data-wp-context=\"{ &quot;autoclose&quot;: false, &quot;accordionItems&quot;: [] }\" data-wp-interactive=\"core\/accordion\" role=\"group\" class=\"wp-block-accordion is-layout-flow wp-block-accordion-is-layout-flow\">\n<div data-wp-class--is-open=\"state.isOpen\" data-wp-context=\"{ &quot;id&quot;: &quot;accordion-item-3&quot;, &quot;openByDefault&quot;: false }\" data-wp-init=\"callbacks.initAccordionItems\" data-wp-on-window--hashchange=\"callbacks.hashChange\" class=\"wp-block-accordion-item is-layout-flow wp-block-accordion-item-is-layout-flow\">\n<h3 class=\"wp-block-accordion-heading\" style=\"font-style:normal;font-weight:400\"><button aria-expanded=\"false\" aria-controls=\"accordion-item-3-panel\" data-wp-bind--aria-expanded=\"state.isOpen\" data-wp-on--click=\"actions.toggle\" data-wp-on--keydown=\"actions.handleKeyDown\" id=\"accordion-item-3\" type=\"button\" class=\"wp-block-accordion-heading__toggle\"><span class=\"wp-block-accordion-heading__toggle-title\"><strong>Dojazd na Wesele<\/strong><\/span><span class=\"wp-block-accordion-heading__toggle-icon\" aria-hidden=\"true\">+<\/span><\/button><\/h3>\n\n\n\n<div inert aria-labelledby=\"accordion-item-3\" data-wp-bind--inert=\"!state.isOpen\" id=\"accordion-item-3-panel\" role=\"region\" class=\"wp-block-accordion-panel is-layout-flow wp-block-accordion-panel-is-layout-flow\">\n<p class=\"has-medium-font-size\">We then invite you to <strong>Nast\u0119pnie zapraszamy do The Unthank Arms na przek\u0105ski i Aperol Spritz o 17:00<\/strong>.<\/p>\n\n\n\n<p class=\"has-medium-font-size\">Mo\u017cecie dojecha\u0107 tam taks\u00f3wk\u0105 (patrz poni\u017cej) lub wybra\u0107 si\u0119 na spacer. <\/p>\n\n\n\n<p class=\"has-medium-font-size\">Po Norwich \u015bwietnie spaceruje si\u0119 pieszo, a z kaplicy do The Unthank Arms mo\u017cna doj\u015b\u0107 w nieca\u0142e 30 minut.&nbsp;<\/p>\n\n\n\n<p><\/p>\n<\/div>\n<\/div>\n<\/div>\n\n\n\n<div data-wp-context=\"{ &quot;autoclose&quot;: false, &quot;accordionItems&quot;: [] }\" data-wp-interactive=\"core\/accordion\" role=\"group\" class=\"wp-block-accordion is-layout-flow wp-block-accordion-is-layout-flow\">\n<div data-wp-class--is-open=\"state.isOpen\" data-wp-context=\"{ &quot;id&quot;: &quot;accordion-item-4&quot;, &quot;openByDefault&quot;: false }\" data-wp-init=\"callbacks.initAccordionItems\" data-wp-on-window--hashchange=\"callbacks.hashChange\" class=\"wp-block-accordion-item is-layout-flow wp-block-accordion-item-is-layout-flow\">\n<h3 class=\"wp-block-accordion-heading\" style=\"font-style:normal;font-weight:400\"><button aria-expanded=\"false\" aria-controls=\"accordion-item-4-panel\" data-wp-bind--aria-expanded=\"state.isOpen\" data-wp-on--click=\"actions.toggle\" data-wp-on--keydown=\"actions.handleKeyDown\" id=\"accordion-item-4\" type=\"button\" class=\"wp-block-accordion-heading__toggle\"><span class=\"wp-block-accordion-heading__toggle-title\"><strong>Taks\u00f3wki<\/strong><\/span><span class=\"wp-block-accordion-heading__toggle-icon\" aria-hidden=\"true\">+<\/span><\/button><\/h3>\n\n\n\n<div inert aria-labelledby=\"accordion-item-4\" data-wp-bind--inert=\"!state.isOpen\" id=\"accordion-item-4-panel\" role=\"region\" class=\"wp-block-accordion-panel is-layout-flow wp-block-accordion-panel-is-layout-flow\">\n<p class=\"has-medium-font-size\">W Norwich dzia\u0142a zar\u00f3wno Uber, jak i tradycyjne taks\u00f3wki. <\/p>\n\n\n\n<p class=\"has-medium-font-size\">W przypadku Ubera upewnijcie si\u0119, \u017ce macie pobran\u0105 aplikacj\u0119. <\/p>\n\n\n\n<p class=\"has-medium-font-size\">Lokaln\u0105 alternatyw\u0105 jest Veezu \u2013 mo\u017cecie skorzysta\u0107 z ich aplikacji lub zadzwoni\u0107 pod numer 01603 666333<\/p>\n<\/div>\n<\/div>\n<\/div>\n\n\n\n<div style=\"height:100px\" aria-hidden=\"true\" class=\"wp-block-spacer\"><\/div>\n\n\n\n<h2 class=\"wp-block-heading has-xx-large-font-size\" id=\"gifts\"><strong>Prezenty<\/strong><\/h2>\n\n\n\n<p class=\"has-medium-font-size\">Wasza obecno\u015b\u0107 na naszym \u015blubie jest dla nas najwi\u0119kszym prezentem. <\/p>\n\n\n\n<p class=\"is-style-default has-medium-font-size\">Je\u015bli jednak chcieliby\u015bcie nas czym\u015b obdarowa\u0107, b\u0119dziemy wdzi\u0119czni za do\u0142o\u017cenie si\u0119 do naszego funduszu podr\u00f3\u017cnego, co pomo\u017ce nam sfinansowa\u0107 nasz\u0105 kolejn\u0105 przygod\u0119 z bananem na morzu. <\/p>\n\n\n\n<p class=\"is-style-default has-medium-font-size\">Aby by\u0142o ciekawiej, stworzyli\u015bmy dziewi\u0119\u0107 wirtualnych \"skarbonek\" przypisanych do naszych ulubionych postaci fikcyjnych. Posta\u0107, kt\u00f3ra zbierze najwi\u0119cej \u015brodk\u00f3w, zostanie wklejona w Photoshopie do naszych zdj\u0119\u0107 z podr\u00f3\u017cy po\u015blubnej. Obiecujemy!<\/p>\n\n\n\n<div class=\"wp-block-buttons is-layout-flex wp-block-buttons-is-layout-flex\" style=\"padding-top:var(--wp--preset--spacing--30);padding-bottom:var(--wp--preset--spacing--30)\">\n<div class=\"wp-block-button is-style-fill\"><a class=\"wp-block-button__link has-small-font-size has-custom-font-size wp-element-button\" href=\"https:\/\/prezola.com\/buy\/view\/278511\" target=\"_blank\" rel=\"noreferrer noopener\">WYBIERZ, KOGO ZABIERZEMY W PODR\u00d3\u017b PO\u015aLUBN\u0104<\/a><\/div>\n<\/div>\n\n\n\n<p><\/p>","protected":false},"excerpt":{"rendered":"<p>Timings The Ceremony Becket&#8217;s Chapel, The Halls, St Andrew&#8217;s Plain, Norwich NR3 1AU 2:30 pm | Arrive 3:00 pm | Making it official 3:30pm&nbsp; | Fizz &amp; photos&nbsp; The Reception Upstairs at The Unthank Arms, 149 Newmarket St, Norwich NR2 2DR 5:00 pm | Arrive for celebratory spritz &amp; canapes 5:45 pm | Speeches followed [&hellip;]<\/p>\n","protected":false},"author":1,"featured_media":0,"parent":0,"menu_order":0,"comment_status":"closed","ping_status":"open","template":"","meta":{"footnotes":""},"class_list":["post-2","page","type-page","status-publish","hentry"],"_links":{"self":[{"href":"https:\/\/evieandmichal.co.uk\/pl\/wp-json\/wp\/v2\/pages\/2","targetHints":{"allow":["GET"]}}],"collection":[{"href":"https:\/\/evieandmichal.co.uk\/pl\/wp-json\/wp\/v2\/pages"}],"about":[{"href":"https:\/\/evieandmichal.co.uk\/pl\/wp-json\/wp\/v2\/types\/page"}],"author":[{"embeddable":true,"href":"https:\/\/evieandmichal.co.uk\/pl\/wp-json\/wp\/v2\/users\/1"}],"replies":[{"embeddable":true,"href":"https:\/\/evieandmichal.co.uk\/pl\/wp-json\/wp\/v2\/comments?post=2"}],"version-history":[{"count":61,"href":"https:\/\/evieandmichal.co.uk\/pl\/wp-json\/wp\/v2\/pages\/2\/revisions"}],"predecessor-version":[{"id":188,"href":"https:\/\/evieandmichal.co.uk\/pl\/wp-json\/wp\/v2\/pages\/2\/revisions\/188"}],"wp:attachment":[{"href":"https:\/\/evieandmichal.co.uk\/pl\/wp-json\/wp\/v2\/media?parent=2"}],"curies":[{"name":"wp","href":"https:\/\/api.w.org\/{rel}","templated":true}]}}